{"id":4690,"date":"2022-10-24T11:26:51","date_gmt":"2022-10-24T11:26:51","guid":{"rendered":"https:\/\/soliton.selectcode.io\/?post_type=product&#038;p=4690"},"modified":"2024-12-22T01:04:45","modified_gmt":"2024-12-22T00:04:45","slug":"laser-safety-goggles","status":"publish","type":"product","link":"https:\/\/soliton-laser.de\/en\/product\/laser-safety-goggles\/","title":{"rendered":"laser safety goggles"},"content":{"rendered":"<p>The variety of available on the market <strong>laser safety goggles<\/strong> is large and often difficult to oversee. However, choosing the right protective goggles is crucial to ensure maximum safety when working with lasers. It is not enough to just consider the right wavelength range. The <strong>laser power<\/strong>, the <strong>Pulse energy<\/strong>, the <strong>Repetition rate<\/strong> and especially the <strong>Pulse duration<\/strong>Only glasses that are perfectly tailored to your laser application guarantee comprehensive protection against dangerous radiation.<\/p>\n<p><strong>Certified security according to the highest standards<\/strong><\/p>\n<p>Our <strong>laser safety goggles<\/strong> meet all relevant safety standards, such as <strong>DIN EN 207<\/strong> and the <strong>DIN EN 208<\/strong>Not only is the protective effect on the respective laser wavelength tested, but stability under extreme loads such as high laser power or short pulse durations is also ensured. With individual advice, we support you in finding the optimal protection solution that suits your application and your laser model.<\/p>\n<p><strong>Lightweight and comfortable laser safety glasses thanks to modern filter technology<\/strong><\/p>\n<p>For many wavelengths we offer <strong>plastic filter<\/strong> which are lighter and therefore more comfortable to wear. These filters are particularly popular for long periods of use as they increase comfort and reduce fatigue. Alternatively, we offer <strong>mineral glass filter<\/strong> for applications where special demands are placed on stability and durability. Our glasses combine protection and comfort without compromising on quality.<\/p>\n<p><strong>Individual advice for your laser safety glasses<\/strong><\/p>\n<p>We understand that every laser application has specific requirements. That is why we offer comprehensive advice to help you choose the ideal safety glasses. Together we will clarify which protection levels are required and which models are best suited to your needs. <strong>highest level of protection<\/strong> while providing comfort.<\/p>\n<p><a href=\"https:\/\/soliton-laser.de\/en\/contact\/\">Contact us.<\/a><\/p>","protected":false},"excerpt":{"rendered":"<p><a href=\"https:\/\/soliton-laser.de\/wp-content\/uploads\/2022\/10\/Logo.png\"><img loading=\"lazy\" decoding=\"async\" class=\"alignnone wp-image-5323\" src=\"https:\/\/soliton-laser.de\/wp-content\/uploads\/2022\/10\/Logo-300x118.png\" alt=\"Logo of the company Protect Laserschutz gmbh \" width=\"114\" height=\"45\" srcset=\"https:\/\/soliton-laser.de\/wp-content\/uploads\/2022\/10\/Logo-300x118.png 300w, https:\/\/soliton-laser.de\/wp-content\/uploads\/2022\/10\/Logo-600x237.png 600w, https:\/\/soliton-laser.de\/wp-content\/uploads\/2022\/10\/Logo-18x7.png 18w, https:\/\/soliton-laser.de\/wp-content\/uploads\/2022\/10\/Logo.png 700w\" sizes=\"auto, (max-width: 114px) 100vw, 114px\" \/><\/a><\/p>\n<ul>\n<li>certified according to EN 207\/208<\/li>\n<li>For industry, medicine and research &amp; development<\/li>\n<li>Also suitable for people who wear glasses<\/li>\n<\/ul>\n<p>&nbsp;<\/p>","protected":false},"featured_media":5317,"template":"","meta":{"_acf_changed":false,"_uag_custom_page_level_css":"","site-sidebar-layout":"default","site-content-layout":"default","ast-site-content-layout":"default","site-content-style":"default","site-sidebar-style":"default","ast-global-header-display":"","ast-banner-title-visibility":"","ast-main-header-display":"","ast-hfb-above-header-display":"","ast-hfb-below-header-display":"","ast-hfb-mobile-header-display":"","site-post-title":"","ast-breadcrumbs-content":"","ast-featured-img":"","footer-sml-layout":"","theme-transparent-header-meta":"default","adv-header-id-meta":"","stick-header-meta":"default","header-above-stick-meta":"","header-main-stick-meta":"","header-below-stick-meta":"","astra-migrate-meta-layouts":"set","ast-page-background-enabled":"default","ast-page-background-meta":{"desktop":{"background-color":"","background-image":"","background-repeat":"repeat","background-position":"center center","background-size":"auto","background-attachment":"scroll","background-type":"","background-media":"","overlay-type":"","overlay-color":"","overlay-opacity":"","overlay-gradient":""},"tablet":{"background-color":"","background-image":"","background-repeat":"repeat","background-position":"center center","background-size":"auto","background-attachment":"scroll","background-type":"","background-media":"","overlay-type":"","overlay-color":"","overlay-opacity":"","overlay-gradient":""},"mobile":{"background-color":"","background-image":"","background-repeat":"repeat","background-position":"center center","background-size":"auto","background-attachment":"scroll","background-type":"","background-media":"","overlay-type":"","overlay-color":"","overlay-opacity":"","overlay-gradient":""}},"ast-content-background-meta":{"desktop":{"background-color":"var(--ast-global-color-5)","background-image":"","background-repeat":"repeat","background-position":"center center","background-size":"auto","background-attachment":"scroll","background-type":"","background-media":"","overlay-type":"","overlay-color":"","overlay-opacity":"","overlay-gradient":""},"tablet":{"background-color":"var(--ast-global-color-5)","background-image":"","background-repeat":"repeat","background-position":"center center","background-size":"auto","background-attachment":"scroll","background-type":"","background-media":"","overlay-type":"","overlay-color":"","overlay-opacity":"","overlay-gradient":""},"mobile":{"background-color":"var(--ast-global-color-5)","background-image":"","background-repeat":"repeat","background-position":"center center","background-size":"auto","background-attachment":"scroll","background-type":"","background-media":"","overlay-type":"","overlay-color":"","overlay-opacity":"","overlay-gradient":""}}},"product_brand":[],"product_cat":[27,33],"product_tag":[1091,1092,1087,1095,1088,1085,1086,1093,1089,1094,1090],"class_list":{"0":"post-4690","1":"product","2":"type-product","3":"status-publish","4":"has-post-thumbnail","6":"product_cat-laser","7":"product_cat-laserschutz","8":"product_tag-komfortable-laserschutzbrillen","9":"product_tag-kunststoff-laserfilter","10":"product_tag-laserbrillen-din-en-207","11":"product_tag-laserschutz-din-geprueft","12":"product_tag-laserschutz-filter","13":"product_tag-laserschutzbrillen","14":"product_tag-laserschutzbrillen-kaufen","15":"product_tag-mineralglas-schutzbrillen","16":"product_tag-schutzbrillen-fuer-laser","17":"product_tag-sicherheit-bei-lasern","18":"product_tag-wellenlaengen-spezifische-filter","19":"desktop-align-left","20":"tablet-align-center","21":"mobile-align-center","22":"ast-product-gallery-layout-horizontal-slider","23":"ast-magnify-disabled","24":"ast-product-tabs-layout-horizontal","26":"first","27":"instock","28":"downloadable","29":"virtual","30":"sold-individually","31":"purchasable","32":"product-type-simple"},"acf":[],"yoast_head":"<!-- This site is optimized with the Yoast SEO Premium plugin v25.2 (Yoast SEO v27.4) - https:\/\/yoast.com\/product\/yoast-seo-premium-wordpress\/ -->\n<title>Laserschutzbrillen - Soliton<\/title>\n<meta name=\"description\" content=\"Entdecken Sie hochwertige Laserschutzbrillen mit zertifiziertem Schutz. Perfekt angepasst an Ihre Laseranwendungen, bieten sie Sicherheit und Tragekomfort.\" \/>\n<meta name=\"robots\" content=\"index, follow, max-snippet:-1, max-image-preview:large, max-video-preview:-1\" \/>\n<link rel=\"canonical\" href=\"https:\/\/soliton-laser.de\/en\/product\/laser-safety-goggles\/\" \/>\n<meta property=\"og:locale\" content=\"en_US\" \/>\n<meta property=\"og:type\" content=\"article\" \/>\n<meta property=\"og:title\" content=\"Laserschutzbrillen\" \/>\n<meta property=\"og:description\" content=\"Entdecken Sie hochwertige Laserschutzbrillen mit zertifiziertem Schutz. Perfekt angepasst an Ihre Laseranwendungen, bieten sie Sicherheit und Tragekomfort.\" \/>\n<meta property=\"og:url\" content=\"https:\/\/soliton-laser.de\/en\/product\/laser-safety-goggles\/\" \/>\n<meta property=\"og:site_name\" content=\"Soliton Laser- und Messtechnik GmbH\" \/>\n<meta property=\"article:modified_time\" content=\"2024-12-22T00:04:45+00:00\" \/>\n<meta property=\"og:image\" content=\"https:\/\/soliton-laser.de\/wp-content\/uploads\/2022\/10\/IMG_2555_bearbeitet_web.jpg\" \/>\n\t<meta property=\"og:image:width\" content=\"960\" \/>\n\t<meta property=\"og:image:height\" content=\"720\" \/>\n\t<meta property=\"og:image:type\" content=\"image\/jpeg\" \/>\n<meta name=\"twitter:card\" content=\"summary_large_image\" \/>\n<meta name=\"twitter:label1\" content=\"Price\" \/>\n\t<meta name=\"twitter:data1\" content=\"&euro;0.00\" \/>\n\t<meta name=\"twitter:label2\" content=\"Availability\" \/>\n\t<meta name=\"twitter:data2\" content=\"In stock\" \/>\n<script type=\"application\/ld+json\" class=\"yoast-schema-graph\">{\"@context\":\"https:\\\/\\\/schema.org\",\"@graph\":[{\"@type\":\"WebPage\",\"@id\":\"https:\\\/\\\/soliton-laser.de\\\/produkt\\\/laserschutzbrillen\\\/\",\"url\":\"https:\\\/\\\/soliton-laser.de\\\/produkt\\\/laserschutzbrillen\\\/\",\"name\":\"Laserschutzbrillen - Soliton\",\"isPartOf\":{\"@id\":\"https:\\\/\\\/soliton-laser.de\\\/#website\"},\"primaryImageOfPage\":{\"@id\":\"https:\\\/\\\/soliton-laser.de\\\/produkt\\\/laserschutzbrillen\\\/#primaryimage\"},\"image\":{\"@id\":\"https:\\\/\\\/soliton-laser.de\\\/produkt\\\/laserschutzbrillen\\\/#primaryimage\"},\"thumbnailUrl\":\"https:\\\/\\\/soliton-laser.de\\\/wp-content\\\/uploads\\\/2022\\\/10\\\/IMG_2555_bearbeitet_web.jpg\",\"datePublished\":\"2022-10-24T11:26:51+00:00\",\"dateModified\":\"2024-12-22T00:04:45+00:00\",\"description\":\"Entdecken Sie hochwertige Laserschutzbrillen mit zertifiziertem Schutz. Perfekt angepasst an Ihre Laseranwendungen, bieten sie Sicherheit und Tragekomfort.\",\"breadcrumb\":{\"@id\":\"https:\\\/\\\/soliton-laser.de\\\/produkt\\\/laserschutzbrillen\\\/#breadcrumb\"},\"inLanguage\":\"en-US\",\"potentialAction\":[{\"@type\":\"ReadAction\",\"target\":[\"https:\\\/\\\/soliton-laser.de\\\/produkt\\\/laserschutzbrillen\\\/\"]}]},{\"@type\":\"ImageObject\",\"inLanguage\":\"en-US\",\"@id\":\"https:\\\/\\\/soliton-laser.de\\\/produkt\\\/laserschutzbrillen\\\/#primaryimage\",\"url\":\"https:\\\/\\\/soliton-laser.de\\\/wp-content\\\/uploads\\\/2022\\\/10\\\/IMG_2555_bearbeitet_web.jpg\",\"contentUrl\":\"https:\\\/\\\/soliton-laser.de\\\/wp-content\\\/uploads\\\/2022\\\/10\\\/IMG_2555_bearbeitet_web.jpg\",\"width\":960,\"height\":720,\"caption\":\"Laserschutzbrillen\"},{\"@type\":\"BreadcrumbList\",\"@id\":\"https:\\\/\\\/soliton-laser.de\\\/produkt\\\/laserschutzbrillen\\\/#breadcrumb\",\"itemListElement\":[{\"@type\":\"ListItem\",\"position\":1,\"name\":\"Startseite\",\"item\":\"https:\\\/\\\/soliton-laser.de\\\/\"},{\"@type\":\"ListItem\",\"position\":2,\"name\":\"Produkte\",\"item\":\"https:\\\/\\\/soliton-laser.de\\\/produkte\\\/\"},{\"@type\":\"ListItem\",\"position\":3,\"name\":\"Laserschutzbrillen\"}]},{\"@type\":\"WebSite\",\"@id\":\"https:\\\/\\\/soliton-laser.de\\\/#website\",\"url\":\"https:\\\/\\\/soliton-laser.de\\\/\",\"name\":\"Soliton Laser- und Messtechnik GmbH\",\"description\":\"\",\"publisher\":{\"@id\":\"https:\\\/\\\/soliton-laser.de\\\/#organization\"},\"potentialAction\":[{\"@type\":\"SearchAction\",\"target\":{\"@type\":\"EntryPoint\",\"urlTemplate\":\"https:\\\/\\\/soliton-laser.de\\\/?s={search_term_string}\"},\"query-input\":{\"@type\":\"PropertyValueSpecification\",\"valueRequired\":true,\"valueName\":\"search_term_string\"}}],\"inLanguage\":\"en-US\"},{\"@type\":\"Organization\",\"@id\":\"https:\\\/\\\/soliton-laser.de\\\/#organization\",\"name\":\"Soliton GmbH\",\"url\":\"https:\\\/\\\/soliton-laser.de\\\/\",\"logo\":{\"@type\":\"ImageObject\",\"inLanguage\":\"en-US\",\"@id\":\"https:\\\/\\\/soliton-laser.de\\\/#\\\/schema\\\/logo\\\/image\\\/\",\"url\":\"https:\\\/\\\/soliton-laser.de\\\/wp-content\\\/uploads\\\/2022\\\/08\\\/Soliton-Logo_unten-1.png\",\"contentUrl\":\"https:\\\/\\\/soliton-laser.de\\\/wp-content\\\/uploads\\\/2022\\\/08\\\/Soliton-Logo_unten-1.png\",\"width\":200,\"height\":140,\"caption\":\"Soliton GmbH\"},\"image\":{\"@id\":\"https:\\\/\\\/soliton-laser.de\\\/#\\\/schema\\\/logo\\\/image\\\/\"}}]}<\/script>\n<meta property=\"product:price:amount\" content=\"0.00\" \/>\n<meta property=\"product:price:currency\" content=\"EUR\" \/>\n<meta property=\"og:availability\" content=\"instock\" \/>\n<meta property=\"product:availability\" content=\"instock\" \/>\n<meta property=\"product:condition\" content=\"new\" \/>\n<!-- \/ Yoast SEO Premium plugin. -->","yoast_head_json":{"title":"Laserschutzbrillen - Soliton","description":"Entdecken Sie hochwertige Laserschutzbrillen mit zertifiziertem Schutz. Perfekt angepasst an Ihre Laseranwendungen, bieten sie Sicherheit und Tragekomfort.","robots":{"index":"index","follow":"follow","max-snippet":"max-snippet:-1","max-image-preview":"max-image-preview:large","max-video-preview":"max-video-preview:-1"},"canonical":"https:\/\/soliton-laser.de\/en\/product\/laser-safety-goggles\/","og_locale":"en_US","og_type":"article","og_title":"Laserschutzbrillen","og_description":"Entdecken Sie hochwertige Laserschutzbrillen mit zertifiziertem Schutz. Perfekt angepasst an Ihre Laseranwendungen, bieten sie Sicherheit und Tragekomfort.","og_url":"https:\/\/soliton-laser.de\/en\/product\/laser-safety-goggles\/","og_site_name":"Soliton Laser- und Messtechnik GmbH","article_modified_time":"2024-12-22T00:04:45+00:00","og_image":[{"width":960,"height":720,"url":"https:\/\/soliton-laser.de\/wp-content\/uploads\/2022\/10\/IMG_2555_bearbeitet_web.jpg","type":"image\/jpeg"}],"twitter_card":"summary_large_image","twitter_misc":{"Price":"&euro;0.00","Availability":"In stock"},"schema":{"@context":"https:\/\/schema.org","@graph":[{"@type":"WebPage","@id":"https:\/\/soliton-laser.de\/produkt\/laserschutzbrillen\/","url":"https:\/\/soliton-laser.de\/produkt\/laserschutzbrillen\/","name":"Laserschutzbrillen - Soliton","isPartOf":{"@id":"https:\/\/soliton-laser.de\/#website"},"primaryImageOfPage":{"@id":"https:\/\/soliton-laser.de\/produkt\/laserschutzbrillen\/#primaryimage"},"image":{"@id":"https:\/\/soliton-laser.de\/produkt\/laserschutzbrillen\/#primaryimage"},"thumbnailUrl":"https:\/\/soliton-laser.de\/wp-content\/uploads\/2022\/10\/IMG_2555_bearbeitet_web.jpg","datePublished":"2022-10-24T11:26:51+00:00","dateModified":"2024-12-22T00:04:45+00:00","description":"Entdecken Sie hochwertige Laserschutzbrillen mit zertifiziertem Schutz. Perfekt angepasst an Ihre Laseranwendungen, bieten sie Sicherheit und Tragekomfort.","breadcrumb":{"@id":"https:\/\/soliton-laser.de\/produkt\/laserschutzbrillen\/#breadcrumb"},"inLanguage":"en-US","potentialAction":[{"@type":"ReadAction","target":["https:\/\/soliton-laser.de\/produkt\/laserschutzbrillen\/"]}]},{"@type":"ImageObject","inLanguage":"en-US","@id":"https:\/\/soliton-laser.de\/produkt\/laserschutzbrillen\/#primaryimage","url":"https:\/\/soliton-laser.de\/wp-content\/uploads\/2022\/10\/IMG_2555_bearbeitet_web.jpg","contentUrl":"https:\/\/soliton-laser.de\/wp-content\/uploads\/2022\/10\/IMG_2555_bearbeitet_web.jpg","width":960,"height":720,"caption":"Laserschutzbrillen"},{"@type":"BreadcrumbList","@id":"https:\/\/soliton-laser.de\/produkt\/laserschutzbrillen\/#breadcrumb","itemListElement":[{"@type":"ListItem","position":1,"name":"Startseite","item":"https:\/\/soliton-laser.de\/"},{"@type":"ListItem","position":2,"name":"Produkte","item":"https:\/\/soliton-laser.de\/produkte\/"},{"@type":"ListItem","position":3,"name":"Laserschutzbrillen"}]},{"@type":"WebSite","@id":"https:\/\/soliton-laser.de\/#website","url":"https:\/\/soliton-laser.de\/","name":"Soliton Laser- und Messtechnik GmbH","description":"","publisher":{"@id":"https:\/\/soliton-laser.de\/#organization"},"potentialAction":[{"@type":"SearchAction","target":{"@type":"EntryPoint","urlTemplate":"https:\/\/soliton-laser.de\/?s={search_term_string}"},"query-input":{"@type":"PropertyValueSpecification","valueRequired":true,"valueName":"search_term_string"}}],"inLanguage":"en-US"},{"@type":"Organization","@id":"https:\/\/soliton-laser.de\/#organization","name":"Soliton GmbH","url":"https:\/\/soliton-laser.de\/","logo":{"@type":"ImageObject","inLanguage":"en-US","@id":"https:\/\/soliton-laser.de\/#\/schema\/logo\/image\/","url":"https:\/\/soliton-laser.de\/wp-content\/uploads\/2022\/08\/Soliton-Logo_unten-1.png","contentUrl":"https:\/\/soliton-laser.de\/wp-content\/uploads\/2022\/08\/Soliton-Logo_unten-1.png","width":200,"height":140,"caption":"Soliton GmbH"},"image":{"@id":"https:\/\/soliton-laser.de\/#\/schema\/logo\/image\/"}}]},"product_price_amount":"0.00","product_price_currency":"EUR","og_availability":"instock","product_availability":"instock","product_condition":"new"},"uagb_featured_image_src":{"full":["https:\/\/soliton-laser.de\/wp-content\/uploads\/2022\/10\/IMG_2555_bearbeitet_web.jpg",960,720,false],"thumbnail":["https:\/\/soliton-laser.de\/wp-content\/uploads\/2022\/10\/IMG_2555_bearbeitet_web-150x150.jpg",150,150,true],"medium":["https:\/\/soliton-laser.de\/wp-content\/uploads\/2022\/10\/IMG_2555_bearbeitet_web-300x225.jpg",300,225,true],"medium_large":["https:\/\/soliton-laser.de\/wp-content\/uploads\/2022\/10\/IMG_2555_bearbeitet_web-768x576.jpg",768,576,true],"large":["https:\/\/soliton-laser.de\/wp-content\/uploads\/2022\/10\/IMG_2555_bearbeitet_web.jpg",960,720,false],"1536x1536":["https:\/\/soliton-laser.de\/wp-content\/uploads\/2022\/10\/IMG_2555_bearbeitet_web.jpg",960,720,false],"2048x2048":["https:\/\/soliton-laser.de\/wp-content\/uploads\/2022\/10\/IMG_2555_bearbeitet_web.jpg",960,720,false],"trp-custom-language-flag":["https:\/\/soliton-laser.de\/wp-content\/uploads\/2022\/10\/IMG_2555_bearbeitet_web-16x12.jpg",16,12,true],"woocommerce_thumbnail":["https:\/\/soliton-laser.de\/wp-content\/uploads\/2022\/10\/IMG_2555_bearbeitet_web-600x450.jpg",600,450,true],"woocommerce_single":["https:\/\/soliton-laser.de\/wp-content\/uploads\/2022\/10\/IMG_2555_bearbeitet_web.jpg",960,720,false],"woocommerce_gallery_thumbnail":["https:\/\/soliton-laser.de\/wp-content\/uploads\/2022\/10\/IMG_2555_bearbeitet_web-300x300.jpg",300,300,true]},"uagb_author_info":{"display_name":"admin","author_link":"https:\/\/soliton-laser.de\/en\/author\/"},"uagb_comment_info":0,"uagb_excerpt":"zertifiziert nach EN 207\/208 F\u00fcr Industrie, Medizin und Forschung &amp; Entwicklung Auch f\u00fcr Brillentr\u00e4ger geeignet &nbsp;","_links":{"self":[{"href":"https:\/\/soliton-laser.de\/en\/wp-json\/wp\/v2\/product\/4690","targetHints":{"allow":["GET"]}}],"collection":[{"href":"https:\/\/soliton-laser.de\/en\/wp-json\/wp\/v2\/product"}],"about":[{"href":"https:\/\/soliton-laser.de\/en\/wp-json\/wp\/v2\/types\/product"}],"wp:featuredmedia":[{"embeddable":true,"href":"https:\/\/soliton-laser.de\/en\/wp-json\/wp\/v2\/media\/5317"}],"wp:attachment":[{"href":"https:\/\/soliton-laser.de\/en\/wp-json\/wp\/v2\/media?parent=4690"}],"wp:term":[{"taxonomy":"product_brand","embeddable":true,"href":"https:\/\/soliton-laser.de\/en\/wp-json\/wp\/v2\/product_brand?post=4690"},{"taxonomy":"product_cat","embeddable":true,"href":"https:\/\/soliton-laser.de\/en\/wp-json\/wp\/v2\/product_cat?post=4690"},{"taxonomy":"product_tag","embeddable":true,"href":"https:\/\/soliton-laser.de\/en\/wp-json\/wp\/v2\/product_tag?post=4690"}],"curies":[{"name":"wp","href":"https:\/\/api.w.org\/{rel}","templated":true}]}}