{"id":4701,"date":"2022-10-24T11:31:21","date_gmt":"2022-10-24T11:31:21","guid":{"rendered":"https:\/\/soliton.selectcode.io\/?post_type=product&#038;p=4701"},"modified":"2024-01-14T01:49:18","modified_gmt":"2024-01-14T00:49:18","slug":"cars-spectrometer","status":"publish","type":"product","link":"https:\/\/soliton-laser.de\/en\/product\/cars-spectrometer\/","title":{"rendered":"CARS spectrometer"},"content":{"rendered":"<p>CARS (Coherent Antistokes Raman Scattering) has been known for more than 30 years and has certain advantages and disadvantages compared to Raman spectroscopy. The disadvantages include, in particular, the complex laser arrangement required. With the availability of new compact short-pulse lasers and white light generation via photonic fibers, broadband CARS arrangements can now be implemented that are easy to adjust and allow a short measurement time.<\/p>\n<p>Important advantages of CARS are: fluorescence and luminescence suppression as well as a significantly stronger Raman signal.<\/p>\n<p>A CARS option for a Raman microscope is offered, consisting of a sub-ns microchip laser with white light generation, coupling of the two laser beams onto the sample under the microscope and observation of the CARS signal through the Raman microscope. The software of the Raman microscope is used to record the CARS spectra. In this way, the same sample can be examined under the microscope both with the Raman effect and with the CARS effect, with subsequent comparison of both spectra. The CARS option proves to be very useful, especially with strongly fluorescent samples, as is often the case with biological tissues.<\/p>\n<p>An important area of application is medical technology, where rapid mapping of tumor tissue, for example, is made possible. Food analysis and environmental technology are also increasingly flirting with CARS, since Raman measurements are now possible with reasonable effort, which previously failed due to fluorescence.<\/p>\n<p><a class=\"internal-link\" href=\"https:\/\/soliton-laser.de\/en\/de\/products\/raman-nir-ir-thz-libs-spektroskopie\/cars-raman-spektrometer\/cars-laser\/\">white light laser<\/a>\u00a0and the necessary\u00a0<a class=\"internal-link\" href=\"https:\/\/soliton-laser.de\/en\/de\/products\/raman-nir-ir-thz-libs-spektroskopie\/cars-raman-spektrometer\/delay-line\/\">delay line<\/a>\u00a0are also offered separately for customers who want to set up a CARS measuring station themselves.<\/p>","protected":false},"excerpt":{"rendered":"<p>CARS (Coherent Antistokes Raman Scattering) has been known for more than 30 years and has certain advantages but also disadvantages compared to Raman spectroscopy. The disadvantages include the complex laser arrangement required. With the availability of new compact short-pulse lasers and white light generation via photonic fibers, broadband CARS arrangements can now be realized that are easy to adjust and [...]<\/p>","protected":false},"featured_media":5480,"template":"","meta":{"_acf_changed":false,"_uag_custom_page_level_css":"","site-sidebar-layout":"default","site-content-layout":"default","ast-site-content-layout":"default","site-content-style":"default","site-sidebar-style":"default","ast-global-header-display":"","ast-banner-title-visibility":"","ast-main-header-display":"","ast-hfb-above-header-display":"","ast-hfb-below-header-display":"","ast-hfb-mobile-header-display":"","site-post-title":"","ast-breadcrumbs-content":"","ast-featured-img":"","footer-sml-layout":"","theme-transparent-header-meta":"default","adv-header-id-meta":"","stick-header-meta":"default","header-above-stick-meta":"","header-main-stick-meta":"","header-below-stick-meta":"","astra-migrate-meta-layouts":"set","ast-page-background-enabled":"default","ast-page-background-meta":{"desktop":{"background-color":"","background-image":"","background-repeat":"repeat","background-position":"center center","background-size":"auto","background-attachment":"scroll","background-type":"","background-media":"","overlay-type":"","overlay-color":"","overlay-opacity":"","overlay-gradient":""},"tablet":{"background-color":"","background-image":"","background-repeat":"repeat","background-position":"center center","background-size":"auto","background-attachment":"scroll","background-type":"","background-media":"","overlay-type":"","overlay-color":"","overlay-opacity":"","overlay-gradient":""},"mobile":{"background-color":"","background-image":"","background-repeat":"repeat","background-position":"center center","background-size":"auto","background-attachment":"scroll","background-type":"","background-media":"","overlay-type":"","overlay-color":"","overlay-opacity":"","overlay-gradient":""}},"ast-content-background-meta":{"desktop":{"background-color":"var(--ast-global-color-5)","background-image":"","background-repeat":"repeat","background-position":"center center","background-size":"auto","background-attachment":"scroll","background-type":"","background-media":"","overlay-type":"","overlay-color":"","overlay-opacity":"","overlay-gradient":""},"tablet":{"background-color":"var(--ast-global-color-5)","background-image":"","background-repeat":"repeat","background-position":"center center","background-size":"auto","background-attachment":"scroll","background-type":"","background-media":"","overlay-type":"","overlay-color":"","overlay-opacity":"","overlay-gradient":""},"mobile":{"background-color":"var(--ast-global-color-5)","background-image":"","background-repeat":"repeat","background-position":"center center","background-size":"auto","background-attachment":"scroll","background-type":"","background-media":"","overlay-type":"","overlay-color":"","overlay-opacity":"","overlay-gradient":""}}},"product_brand":[],"product_cat":[28,88,84],"product_tag":[],"class_list":{"0":"post-4701","1":"product","2":"type-product","3":"status-publish","4":"has-post-thumbnail","6":"product_cat-analytik","7":"product_cat-cars-spektrometer","8":"product_cat-spektrometer","9":"desktop-align-left","10":"tablet-align-center","11":"mobile-align-center","12":"ast-product-gallery-layout-horizontal-slider","13":"ast-product-gallery-with-no-image","14":"ast-magnify-disabled","15":"ast-product-tabs-layout-horizontal","17":"first","18":"instock","19":"virtual","20":"sold-individually","21":"purchasable","22":"product-type-simple"},"acf":[],"yoast_head":"<!-- This site is optimized with the Yoast SEO Premium plugin v25.2 (Yoast SEO v27.5) - https:\/\/yoast.com\/product\/yoast-seo-premium-wordpress\/ -->\n<title>CARS Spektrometer - Soliton<\/title>\n<meta name=\"description\" content=\"CARS (Coherent Antistokes Raman Scattering) ist bekannt seit mehr als 30 Jahren und hat gegen\u00fcber der Raman-Spektroskopie gewisse Vor- aber auch Nachteile. Zu den Nachteilen z\u00e4hlt besonders die erforderliche aufwendige Laseranordnung.\" \/>\n<meta name=\"robots\" content=\"index, follow, max-snippet:-1, max-image-preview:large, max-video-preview:-1\" \/>\n<link rel=\"canonical\" href=\"https:\/\/soliton-laser.de\/en\/product\/cars-spectrometer\/\" \/>\n<meta property=\"og:locale\" content=\"en_US\" \/>\n<meta property=\"og:type\" content=\"article\" \/>\n<meta property=\"og:title\" content=\"CARS Spektrometer\" \/>\n<meta property=\"og:description\" content=\"CARS (Coherent Antistokes Raman Scattering) ist bekannt seit mehr als 30 Jahren und hat gegen\u00fcber der Raman-Spektroskopie gewisse Vor- aber auch Nachteile. Zu den Nachteilen z\u00e4hlt besonders die erforderliche aufwendige Laseranordnung.\" \/>\n<meta property=\"og:url\" content=\"https:\/\/soliton-laser.de\/en\/product\/cars-spectrometer\/\" \/>\n<meta property=\"og:site_name\" content=\"Soliton Laser- und Messtechnik GmbH\" \/>\n<meta property=\"article:modified_time\" content=\"2024-01-14T00:49:18+00:00\" \/>\n<meta property=\"og:image\" content=\"https:\/\/soliton-laser.de\/wp-content\/uploads\/2023\/02\/cars_renishaw_klein.jpg\" \/>\n\t<meta property=\"og:image:width\" content=\"1417\" \/>\n\t<meta property=\"og:image:height\" content=\"1148\" \/>\n\t<meta property=\"og:image:type\" content=\"image\/jpeg\" \/>\n<meta name=\"twitter:card\" content=\"summary_large_image\" \/>\n<meta name=\"twitter:label1\" content=\"Price\" \/>\n\t<meta name=\"twitter:data1\" content=\"&euro;0.00\" \/>\n\t<meta name=\"twitter:label2\" content=\"Availability\" \/>\n\t<meta name=\"twitter:data2\" content=\"In stock\" \/>\n<script type=\"application\/ld+json\" class=\"yoast-schema-graph\">{\"@context\":\"https:\\\/\\\/schema.org\",\"@graph\":[{\"@type\":\"WebPage\",\"@id\":\"https:\\\/\\\/soliton-laser.de\\\/produkt\\\/cars-spektrometer\\\/\",\"url\":\"https:\\\/\\\/soliton-laser.de\\\/produkt\\\/cars-spektrometer\\\/\",\"name\":\"CARS Spektrometer - Soliton\",\"isPartOf\":{\"@id\":\"https:\\\/\\\/soliton-laser.de\\\/#website\"},\"primaryImageOfPage\":{\"@id\":\"https:\\\/\\\/soliton-laser.de\\\/produkt\\\/cars-spektrometer\\\/#primaryimage\"},\"image\":{\"@id\":\"https:\\\/\\\/soliton-laser.de\\\/produkt\\\/cars-spektrometer\\\/#primaryimage\"},\"thumbnailUrl\":\"https:\\\/\\\/soliton-laser.de\\\/wp-content\\\/uploads\\\/2023\\\/02\\\/cars_renishaw_klein.jpg\",\"datePublished\":\"2022-10-24T11:31:21+00:00\",\"dateModified\":\"2024-01-14T00:49:18+00:00\",\"description\":\"CARS (Coherent Antistokes Raman Scattering) ist bekannt seit mehr als 30 Jahren und hat gegen\u00fcber der Raman-Spektroskopie gewisse Vor- aber auch Nachteile. Zu den Nachteilen z\u00e4hlt besonders die erforderliche aufwendige Laseranordnung.\",\"breadcrumb\":{\"@id\":\"https:\\\/\\\/soliton-laser.de\\\/produkt\\\/cars-spektrometer\\\/#breadcrumb\"},\"inLanguage\":\"en-US\",\"potentialAction\":[{\"@type\":\"ReadAction\",\"target\":[\"https:\\\/\\\/soliton-laser.de\\\/produkt\\\/cars-spektrometer\\\/\"]}]},{\"@type\":\"ImageObject\",\"inLanguage\":\"en-US\",\"@id\":\"https:\\\/\\\/soliton-laser.de\\\/produkt\\\/cars-spektrometer\\\/#primaryimage\",\"url\":\"https:\\\/\\\/soliton-laser.de\\\/wp-content\\\/uploads\\\/2023\\\/02\\\/cars_renishaw_klein.jpg\",\"contentUrl\":\"https:\\\/\\\/soliton-laser.de\\\/wp-content\\\/uploads\\\/2023\\\/02\\\/cars_renishaw_klein.jpg\",\"width\":1417,\"height\":1148},{\"@type\":\"BreadcrumbList\",\"@id\":\"https:\\\/\\\/soliton-laser.de\\\/produkt\\\/cars-spektrometer\\\/#breadcrumb\",\"itemListElement\":[{\"@type\":\"ListItem\",\"position\":1,\"name\":\"Startseite\",\"item\":\"https:\\\/\\\/soliton-laser.de\\\/\"},{\"@type\":\"ListItem\",\"position\":2,\"name\":\"Produkte\",\"item\":\"https:\\\/\\\/soliton-laser.de\\\/produkte\\\/\"},{\"@type\":\"ListItem\",\"position\":3,\"name\":\"CARS Spektrometer\"}]},{\"@type\":\"WebSite\",\"@id\":\"https:\\\/\\\/soliton-laser.de\\\/#website\",\"url\":\"https:\\\/\\\/soliton-laser.de\\\/\",\"name\":\"Soliton Laser- und Messtechnik GmbH\",\"description\":\"\",\"publisher\":{\"@id\":\"https:\\\/\\\/soliton-laser.de\\\/#organization\"},\"potentialAction\":[{\"@type\":\"SearchAction\",\"target\":{\"@type\":\"EntryPoint\",\"urlTemplate\":\"https:\\\/\\\/soliton-laser.de\\\/?s={search_term_string}\"},\"query-input\":{\"@type\":\"PropertyValueSpecification\",\"valueRequired\":true,\"valueName\":\"search_term_string\"}}],\"inLanguage\":\"en-US\"},{\"@type\":\"Organization\",\"@id\":\"https:\\\/\\\/soliton-laser.de\\\/#organization\",\"name\":\"Soliton GmbH\",\"url\":\"https:\\\/\\\/soliton-laser.de\\\/\",\"logo\":{\"@type\":\"ImageObject\",\"inLanguage\":\"en-US\",\"@id\":\"https:\\\/\\\/soliton-laser.de\\\/#\\\/schema\\\/logo\\\/image\\\/\",\"url\":\"https:\\\/\\\/soliton-laser.de\\\/wp-content\\\/uploads\\\/2022\\\/08\\\/Soliton-Logo_unten-1.png\",\"contentUrl\":\"https:\\\/\\\/soliton-laser.de\\\/wp-content\\\/uploads\\\/2022\\\/08\\\/Soliton-Logo_unten-1.png\",\"width\":200,\"height\":140,\"caption\":\"Soliton GmbH\"},\"image\":{\"@id\":\"https:\\\/\\\/soliton-laser.de\\\/#\\\/schema\\\/logo\\\/image\\\/\"}}]}<\/script>\n<meta property=\"product:price:amount\" content=\"0.00\" \/>\n<meta property=\"product:price:currency\" content=\"EUR\" \/>\n<meta property=\"og:availability\" content=\"instock\" \/>\n<meta property=\"product:availability\" content=\"instock\" \/>\n<meta property=\"product:condition\" content=\"new\" \/>\n<!-- \/ Yoast SEO Premium plugin. -->","yoast_head_json":{"title":"CARS Spektrometer - Soliton","description":"CARS (Coherent Antistokes Raman Scattering) ist bekannt seit mehr als 30 Jahren und hat gegen\u00fcber der Raman-Spektroskopie gewisse Vor- aber auch Nachteile. Zu den Nachteilen z\u00e4hlt besonders die erforderliche aufwendige Laseranordnung.","robots":{"index":"index","follow":"follow","max-snippet":"max-snippet:-1","max-image-preview":"max-image-preview:large","max-video-preview":"max-video-preview:-1"},"canonical":"https:\/\/soliton-laser.de\/en\/product\/cars-spectrometer\/","og_locale":"en_US","og_type":"article","og_title":"CARS Spektrometer","og_description":"CARS (Coherent Antistokes Raman Scattering) ist bekannt seit mehr als 30 Jahren und hat gegen\u00fcber der Raman-Spektroskopie gewisse Vor- aber auch Nachteile. Zu den Nachteilen z\u00e4hlt besonders die erforderliche aufwendige Laseranordnung.","og_url":"https:\/\/soliton-laser.de\/en\/product\/cars-spectrometer\/","og_site_name":"Soliton Laser- und Messtechnik GmbH","article_modified_time":"2024-01-14T00:49:18+00:00","og_image":[{"width":1417,"height":1148,"url":"https:\/\/soliton-laser.de\/wp-content\/uploads\/2023\/02\/cars_renishaw_klein.jpg","type":"image\/jpeg"}],"twitter_card":"summary_large_image","twitter_misc":{"Price":"&euro;0.00","Availability":"In stock"},"schema":{"@context":"https:\/\/schema.org","@graph":[{"@type":"WebPage","@id":"https:\/\/soliton-laser.de\/produkt\/cars-spektrometer\/","url":"https:\/\/soliton-laser.de\/produkt\/cars-spektrometer\/","name":"CARS Spektrometer - Soliton","isPartOf":{"@id":"https:\/\/soliton-laser.de\/#website"},"primaryImageOfPage":{"@id":"https:\/\/soliton-laser.de\/produkt\/cars-spektrometer\/#primaryimage"},"image":{"@id":"https:\/\/soliton-laser.de\/produkt\/cars-spektrometer\/#primaryimage"},"thumbnailUrl":"https:\/\/soliton-laser.de\/wp-content\/uploads\/2023\/02\/cars_renishaw_klein.jpg","datePublished":"2022-10-24T11:31:21+00:00","dateModified":"2024-01-14T00:49:18+00:00","description":"CARS (Coherent Antistokes Raman Scattering) ist bekannt seit mehr als 30 Jahren und hat gegen\u00fcber der Raman-Spektroskopie gewisse Vor- aber auch Nachteile. Zu den Nachteilen z\u00e4hlt besonders die erforderliche aufwendige Laseranordnung.","breadcrumb":{"@id":"https:\/\/soliton-laser.de\/produkt\/cars-spektrometer\/#breadcrumb"},"inLanguage":"en-US","potentialAction":[{"@type":"ReadAction","target":["https:\/\/soliton-laser.de\/produkt\/cars-spektrometer\/"]}]},{"@type":"ImageObject","inLanguage":"en-US","@id":"https:\/\/soliton-laser.de\/produkt\/cars-spektrometer\/#primaryimage","url":"https:\/\/soliton-laser.de\/wp-content\/uploads\/2023\/02\/cars_renishaw_klein.jpg","contentUrl":"https:\/\/soliton-laser.de\/wp-content\/uploads\/2023\/02\/cars_renishaw_klein.jpg","width":1417,"height":1148},{"@type":"BreadcrumbList","@id":"https:\/\/soliton-laser.de\/produkt\/cars-spektrometer\/#breadcrumb","itemListElement":[{"@type":"ListItem","position":1,"name":"Startseite","item":"https:\/\/soliton-laser.de\/"},{"@type":"ListItem","position":2,"name":"Produkte","item":"https:\/\/soliton-laser.de\/produkte\/"},{"@type":"ListItem","position":3,"name":"CARS Spektrometer"}]},{"@type":"WebSite","@id":"https:\/\/soliton-laser.de\/#website","url":"https:\/\/soliton-laser.de\/","name":"Soliton Laser- und Messtechnik GmbH","description":"","publisher":{"@id":"https:\/\/soliton-laser.de\/#organization"},"potentialAction":[{"@type":"SearchAction","target":{"@type":"EntryPoint","urlTemplate":"https:\/\/soliton-laser.de\/?s={search_term_string}"},"query-input":{"@type":"PropertyValueSpecification","valueRequired":true,"valueName":"search_term_string"}}],"inLanguage":"en-US"},{"@type":"Organization","@id":"https:\/\/soliton-laser.de\/#organization","name":"Soliton GmbH","url":"https:\/\/soliton-laser.de\/","logo":{"@type":"ImageObject","inLanguage":"en-US","@id":"https:\/\/soliton-laser.de\/#\/schema\/logo\/image\/","url":"https:\/\/soliton-laser.de\/wp-content\/uploads\/2022\/08\/Soliton-Logo_unten-1.png","contentUrl":"https:\/\/soliton-laser.de\/wp-content\/uploads\/2022\/08\/Soliton-Logo_unten-1.png","width":200,"height":140,"caption":"Soliton GmbH"},"image":{"@id":"https:\/\/soliton-laser.de\/#\/schema\/logo\/image\/"}}]},"product_price_amount":"0.00","product_price_currency":"EUR","og_availability":"instock","product_availability":"instock","product_condition":"new"},"uagb_featured_image_src":{"full":["https:\/\/soliton-laser.de\/wp-content\/uploads\/2023\/02\/cars_renishaw_klein.jpg",1417,1148,false],"thumbnail":["https:\/\/soliton-laser.de\/wp-content\/uploads\/2023\/02\/cars_renishaw_klein-150x150.jpg",150,150,true],"medium":["https:\/\/soliton-laser.de\/wp-content\/uploads\/2023\/02\/cars_renishaw_klein-300x243.jpg",300,243,true],"medium_large":["https:\/\/soliton-laser.de\/wp-content\/uploads\/2023\/02\/cars_renishaw_klein-768x622.jpg",768,622,true],"large":["https:\/\/soliton-laser.de\/wp-content\/uploads\/2023\/02\/cars_renishaw_klein-1024x830.jpg",1024,830,true],"1536x1536":["https:\/\/soliton-laser.de\/wp-content\/uploads\/2023\/02\/cars_renishaw_klein.jpg",1417,1148,false],"2048x2048":["https:\/\/soliton-laser.de\/wp-content\/uploads\/2023\/02\/cars_renishaw_klein.jpg",1417,1148,false],"trp-custom-language-flag":["https:\/\/soliton-laser.de\/wp-content\/uploads\/2023\/02\/cars_renishaw_klein-15x12.jpg",15,12,true],"woocommerce_thumbnail":["https:\/\/soliton-laser.de\/wp-content\/uploads\/2023\/02\/cars_renishaw_klein-600x486.jpg",600,486,true],"woocommerce_single":["https:\/\/soliton-laser.de\/wp-content\/uploads\/2023\/02\/cars_renishaw_klein-1200x972.jpg",1200,972,true],"woocommerce_gallery_thumbnail":["https:\/\/soliton-laser.de\/wp-content\/uploads\/2023\/02\/cars_renishaw_klein-300x300.jpg",300,300,true]},"uagb_author_info":{"display_name":"admin","author_link":"https:\/\/soliton-laser.de\/en\/author\/"},"uagb_comment_info":0,"uagb_excerpt":"CARS (Coherent Antistokes Raman Scattering) ist bekannt seit mehr als 30 Jahren und hat gegen\u00fcber der Raman-Spektroskopie gewisse Vor- aber auch Nachteile.\u00a0 Zu den Nachteilen z\u00e4hlt besonders die erforderliche aufwendige Laseranordnung. Mit der Verf\u00fcgbarkeit neuer kompakter Kurzpulslaser sowie Weisslichterzeugung \u00fcber photonische Fasern lassen sich nun Breitband CARS Anordnungen realisieren, die einfach zu justieren sind und&hellip;","_links":{"self":[{"href":"https:\/\/soliton-laser.de\/en\/wp-json\/wp\/v2\/product\/4701","targetHints":{"allow":["GET"]}}],"collection":[{"href":"https:\/\/soliton-laser.de\/en\/wp-json\/wp\/v2\/product"}],"about":[{"href":"https:\/\/soliton-laser.de\/en\/wp-json\/wp\/v2\/types\/product"}],"wp:featuredmedia":[{"embeddable":true,"href":"https:\/\/soliton-laser.de\/en\/wp-json\/wp\/v2\/media\/5480"}],"wp:attachment":[{"href":"https:\/\/soliton-laser.de\/en\/wp-json\/wp\/v2\/media?parent=4701"}],"wp:term":[{"taxonomy":"product_brand","embeddable":true,"href":"https:\/\/soliton-laser.de\/en\/wp-json\/wp\/v2\/product_brand?post=4701"},{"taxonomy":"product_cat","embeddable":true,"href":"https:\/\/soliton-laser.de\/en\/wp-json\/wp\/v2\/product_cat?post=4701"},{"taxonomy":"product_tag","embeddable":true,"href":"https:\/\/soliton-laser.de\/en\/wp-json\/wp\/v2\/product_tag?post=4701"}],"curies":[{"name":"wp","href":"https:\/\/api.w.org\/{rel}","templated":true}]}}