{"id":5488,"date":"2023-02-27T16:04:15","date_gmt":"2023-02-27T15:04:15","guid":{"rendered":"https:\/\/soliton.selectcode.io\/?post_type=product&#038;p=5488"},"modified":"2025-04-08T17:19:13","modified_gmt":"2025-04-08T15:19:13","slug":"ezraman-series","status":"publish","type":"product","link":"https:\/\/soliton-laser.de\/en\/product\/ezraman-series\/","title":{"rendered":"Compact Raman spectrometer"},"content":{"rendered":"<p class=\"bodytext\">The EzRaman-xD and EzRaman-N models are the entry-level Raman systems from\u00a0<b>ENWAVE Optronics<\/b>. Despite the low purchase price, they offer high performance and already have a more powerful detector cooling than the systems of most competitors on the market.<\/p>\n<p class=\"bodytext\">The EzRaman-xD is cooled to 25\u00b0C below room temperature and the EzRaman-N to 30\u00b0C below room temperature.<\/p>\n<p>The EZRaman-N Raman spectrometer features a frequency-stabilized, narrow-linewidth laser. It utilizes a high-throughput fiber optic probe and an optically fast (f\/1.6) spectrograph with a TE-cooled CCD detector. The EZRaman-N system is easy to operate, features powerful and user-friendly RamanReader software, and offers excellent long-term reliability with minimal maintenance.<\/p>","protected":false},"excerpt":{"rendered":"<p><a href=\"https:\/\/soliton-laser.de\/wp-content\/uploads\/2022\/10\/enwave-logo.png\"><img loading=\"lazy\" decoding=\"async\" class=\"alignnone  wp-image-9589\" src=\"https:\/\/soliton-laser.de\/wp-content\/uploads\/2022\/10\/enwave-logo.png\" alt=\"\" width=\"200\" height=\"91\" srcset=\"https:\/\/soliton-laser.de\/wp-content\/uploads\/2022\/10\/enwave-logo.png 1024w, https:\/\/soliton-laser.de\/wp-content\/uploads\/2022\/10\/enwave-logo-300x137.png 300w, https:\/\/soliton-laser.de\/wp-content\/uploads\/2022\/10\/enwave-logo-768x350.png 768w, https:\/\/soliton-laser.de\/wp-content\/uploads\/2022\/10\/enwave-logo-18x8.png 18w, https:\/\/soliton-laser.de\/wp-content\/uploads\/2022\/10\/enwave-logo-600x273.png 600w\" sizes=\"auto, (max-width: 200px) 100vw, 200px\" \/><\/a><\/p>\n<ul>\n<li>Inexpensive<\/li>\n<li>Compact<\/li>\n<li>Flexible<\/li>\n<li>Chilled<\/li>\n<\/ul>\n<p>Contact person: Mr. Michael Zerbin<\/p>\n<p>&nbsp;<\/p>","protected":false},"featured_media":9582,"template":"","meta":{"_acf_changed":false,"_uag_custom_page_level_css":"","site-sidebar-layout":"default","site-content-layout":"default","ast-site-content-layout":"default","site-content-style":"default","site-sidebar-style":"default","ast-global-header-display":"","ast-banner-title-visibility":"","ast-main-header-display":"","ast-hfb-above-header-display":"","ast-hfb-below-header-display":"","ast-hfb-mobile-header-display":"","site-post-title":"","ast-breadcrumbs-content":"","ast-featured-img":"","footer-sml-layout":"","theme-transparent-header-meta":"default","adv-header-id-meta":"","stick-header-meta":"default","header-above-stick-meta":"","header-main-stick-meta":"","header-below-stick-meta":"","astra-migrate-meta-layouts":"set","ast-page-background-enabled":"default","ast-page-background-meta":{"desktop":{"background-color":"","background-image":"","background-repeat":"repeat","background-position":"center center","background-size":"auto","background-attachment":"scroll","background-type":"","background-media":"","overlay-type":"","overlay-color":"","overlay-opacity":"","overlay-gradient":""},"tablet":{"background-color":"","background-image":"","background-repeat":"repeat","background-position":"center center","background-size":"auto","background-attachment":"scroll","background-type":"","background-media":"","overlay-type":"","overlay-color":"","overlay-opacity":"","overlay-gradient":""},"mobile":{"background-color":"","background-image":"","background-repeat":"repeat","background-position":"center center","background-size":"auto","background-attachment":"scroll","background-type":"","background-media":"","overlay-type":"","overlay-color":"","overlay-opacity":"","overlay-gradient":""}},"ast-content-background-meta":{"desktop":{"background-color":"var(--ast-global-color-5)","background-image":"","background-repeat":"repeat","background-position":"center center","background-size":"auto","background-attachment":"scroll","background-type":"","background-media":"","overlay-type":"","overlay-color":"","overlay-opacity":"","overlay-gradient":""},"tablet":{"background-color":"var(--ast-global-color-5)","background-image":"","background-repeat":"repeat","background-position":"center center","background-size":"auto","background-attachment":"scroll","background-type":"","background-media":"","overlay-type":"","overlay-color":"","overlay-opacity":"","overlay-gradient":""},"mobile":{"background-color":"var(--ast-global-color-5)","background-image":"","background-repeat":"repeat","background-position":"center center","background-size":"auto","background-attachment":"scroll","background-type":"","background-media":"","overlay-type":"","overlay-color":"","overlay-opacity":"","overlay-gradient":""}}},"product_brand":[],"product_cat":[87,84],"product_tag":[],"class_list":{"0":"post-5488","1":"product","2":"type-product","3":"status-publish","4":"has-post-thumbnail","6":"product_cat-raman-spektrometer","7":"product_cat-spektrometer","8":"desktop-align-left","9":"tablet-align-center","10":"mobile-align-center","11":"ast-product-gallery-layout-horizontal-slider","12":"ast-product-gallery-with-no-image","13":"ast-magnify-disabled","14":"ast-product-tabs-layout-horizontal","16":"first","17":"instock","18":"virtual","19":"sold-individually","20":"purchasable","21":"product-type-simple"},"acf":[],"yoast_head":"<!-- This site is optimized with the Yoast SEO Premium plugin v25.2 (Yoast SEO v27.5) - https:\/\/yoast.com\/product\/yoast-seo-premium-wordpress\/ -->\n<title>Kompaktes Ramanspektrometer - Soliton<\/title>\n<meta name=\"description\" content=\"Die Modelle EzRaman-xD und EzRaman-N sind die Einstiegs-Ramansysteme von ENWAVE Optronics. Sie bieten trotz des g\u00fcnstigen Kaufpreises eine hohe Performance und besitzen bereits eine leistungsst\u00e4rkere Detektork\u00fchlung als die Systeme der meisten Mitbewerber auf dem Markt.\" \/>\n<meta name=\"robots\" content=\"index, follow, max-snippet:-1, max-image-preview:large, max-video-preview:-1\" \/>\n<link rel=\"canonical\" href=\"https:\/\/soliton-laser.de\/en\/product\/ezraman-series\/\" \/>\n<meta property=\"og:locale\" content=\"en_US\" \/>\n<meta property=\"og:type\" content=\"article\" \/>\n<meta property=\"og:title\" content=\"Kompaktes Ramanspektrometer\" \/>\n<meta property=\"og:description\" content=\"Die Modelle EzRaman-xD und EzRaman-N sind die Einstiegs-Ramansysteme von ENWAVE Optronics. Sie bieten trotz des g\u00fcnstigen Kaufpreises eine hohe Performance und besitzen bereits eine leistungsst\u00e4rkere Detektork\u00fchlung als die Systeme der meisten Mitbewerber auf dem Markt.\" \/>\n<meta property=\"og:url\" content=\"https:\/\/soliton-laser.de\/en\/product\/ezraman-series\/\" \/>\n<meta property=\"og:site_name\" content=\"Soliton Laser- und Messtechnik GmbH\" \/>\n<meta property=\"article:modified_time\" content=\"2025-04-08T15:19:13+00:00\" \/>\n<meta property=\"og:image\" content=\"https:\/\/soliton-laser.de\/wp-content\/uploads\/2023\/02\/ENW3-1.jpg\" \/>\n\t<meta property=\"og:image:width\" content=\"1116\" \/>\n\t<meta property=\"og:image:height\" content=\"1116\" \/>\n\t<meta property=\"og:image:type\" content=\"image\/jpeg\" \/>\n<meta name=\"twitter:card\" content=\"summary_large_image\" \/>\n<meta name=\"twitter:label1\" content=\"Price\" \/>\n\t<meta name=\"twitter:data1\" content=\"&euro;0.00\" \/>\n\t<meta name=\"twitter:label2\" content=\"Availability\" \/>\n\t<meta name=\"twitter:data2\" content=\"In stock\" \/>\n<script type=\"application\/ld+json\" class=\"yoast-schema-graph\">{\"@context\":\"https:\\\/\\\/schema.org\",\"@graph\":[{\"@type\":\"WebPage\",\"@id\":\"https:\\\/\\\/soliton-laser.de\\\/en\\\/product\\\/ezraman-series\\\/\",\"url\":\"https:\\\/\\\/soliton-laser.de\\\/en\\\/product\\\/ezraman-series\\\/\",\"name\":\"Kompaktes Ramanspektrometer - Soliton\",\"isPartOf\":{\"@id\":\"https:\\\/\\\/soliton-laser.de\\\/#website\"},\"primaryImageOfPage\":{\"@id\":\"https:\\\/\\\/soliton-laser.de\\\/en\\\/product\\\/ezraman-series\\\/#primaryimage\"},\"image\":{\"@id\":\"https:\\\/\\\/soliton-laser.de\\\/en\\\/product\\\/ezraman-series\\\/#primaryimage\"},\"thumbnailUrl\":\"https:\\\/\\\/soliton-laser.de\\\/wp-content\\\/uploads\\\/2023\\\/02\\\/ENW3-1.jpg\",\"datePublished\":\"2023-02-27T15:04:15+00:00\",\"dateModified\":\"2025-04-08T15:19:13+00:00\",\"description\":\"Die Modelle EzRaman-xD und EzRaman-N sind die Einstiegs-Ramansysteme von ENWAVE Optronics. Sie bieten trotz des g\u00fcnstigen Kaufpreises eine hohe Performance und besitzen bereits eine leistungsst\u00e4rkere Detektork\u00fchlung als die Systeme der meisten Mitbewerber auf dem Markt.\",\"breadcrumb\":{\"@id\":\"https:\\\/\\\/soliton-laser.de\\\/en\\\/product\\\/ezraman-series\\\/#breadcrumb\"},\"inLanguage\":\"en-US\",\"potentialAction\":[{\"@type\":\"ReadAction\",\"target\":[\"https:\\\/\\\/soliton-laser.de\\\/en\\\/product\\\/ezraman-series\\\/\"]}]},{\"@type\":\"ImageObject\",\"inLanguage\":\"en-US\",\"@id\":\"https:\\\/\\\/soliton-laser.de\\\/en\\\/product\\\/ezraman-series\\\/#primaryimage\",\"url\":\"https:\\\/\\\/soliton-laser.de\\\/wp-content\\\/uploads\\\/2023\\\/02\\\/ENW3-1.jpg\",\"contentUrl\":\"https:\\\/\\\/soliton-laser.de\\\/wp-content\\\/uploads\\\/2023\\\/02\\\/ENW3-1.jpg\",\"width\":1116,\"height\":1116},{\"@type\":\"BreadcrumbList\",\"@id\":\"https:\\\/\\\/soliton-laser.de\\\/en\\\/product\\\/ezraman-series\\\/#breadcrumb\",\"itemListElement\":[{\"@type\":\"ListItem\",\"position\":1,\"name\":\"Startseite\",\"item\":\"https:\\\/\\\/soliton-laser.de\\\/\"},{\"@type\":\"ListItem\",\"position\":2,\"name\":\"Produkte\",\"item\":\"https:\\\/\\\/soliton-laser.de\\\/produkte\\\/\"},{\"@type\":\"ListItem\",\"position\":3,\"name\":\"Kompaktes Ramanspektrometer\"}]},{\"@type\":\"WebSite\",\"@id\":\"https:\\\/\\\/soliton-laser.de\\\/#website\",\"url\":\"https:\\\/\\\/soliton-laser.de\\\/\",\"name\":\"Soliton Laser- und Messtechnik GmbH\",\"description\":\"\",\"publisher\":{\"@id\":\"https:\\\/\\\/soliton-laser.de\\\/#organization\"},\"potentialAction\":[{\"@type\":\"SearchAction\",\"target\":{\"@type\":\"EntryPoint\",\"urlTemplate\":\"https:\\\/\\\/soliton-laser.de\\\/?s={search_term_string}\"},\"query-input\":{\"@type\":\"PropertyValueSpecification\",\"valueRequired\":true,\"valueName\":\"search_term_string\"}}],\"inLanguage\":\"en-US\"},{\"@type\":\"Organization\",\"@id\":\"https:\\\/\\\/soliton-laser.de\\\/#organization\",\"name\":\"Soliton GmbH\",\"url\":\"https:\\\/\\\/soliton-laser.de\\\/\",\"logo\":{\"@type\":\"ImageObject\",\"inLanguage\":\"en-US\",\"@id\":\"https:\\\/\\\/soliton-laser.de\\\/#\\\/schema\\\/logo\\\/image\\\/\",\"url\":\"https:\\\/\\\/soliton-laser.de\\\/wp-content\\\/uploads\\\/2022\\\/08\\\/Soliton-Logo_unten-1.png\",\"contentUrl\":\"https:\\\/\\\/soliton-laser.de\\\/wp-content\\\/uploads\\\/2022\\\/08\\\/Soliton-Logo_unten-1.png\",\"width\":200,\"height\":140,\"caption\":\"Soliton GmbH\"},\"image\":{\"@id\":\"https:\\\/\\\/soliton-laser.de\\\/#\\\/schema\\\/logo\\\/image\\\/\"}}]}<\/script>\n<meta property=\"product:price:amount\" content=\"0.00\" \/>\n<meta property=\"product:price:currency\" content=\"EUR\" \/>\n<meta property=\"og:availability\" content=\"instock\" \/>\n<meta property=\"product:availability\" content=\"instock\" \/>\n<meta property=\"product:condition\" content=\"new\" \/>\n<!-- \/ Yoast SEO Premium plugin. -->","yoast_head_json":{"title":"Kompaktes Ramanspektrometer - Soliton","description":"Die Modelle EzRaman-xD und EzRaman-N sind die Einstiegs-Ramansysteme von ENWAVE Optronics. Sie bieten trotz des g\u00fcnstigen Kaufpreises eine hohe Performance und besitzen bereits eine leistungsst\u00e4rkere Detektork\u00fchlung als die Systeme der meisten Mitbewerber auf dem Markt.","robots":{"index":"index","follow":"follow","max-snippet":"max-snippet:-1","max-image-preview":"max-image-preview:large","max-video-preview":"max-video-preview:-1"},"canonical":"https:\/\/soliton-laser.de\/en\/product\/ezraman-series\/","og_locale":"en_US","og_type":"article","og_title":"Kompaktes Ramanspektrometer","og_description":"Die Modelle EzRaman-xD und EzRaman-N sind die Einstiegs-Ramansysteme von ENWAVE Optronics. Sie bieten trotz des g\u00fcnstigen Kaufpreises eine hohe Performance und besitzen bereits eine leistungsst\u00e4rkere Detektork\u00fchlung als die Systeme der meisten Mitbewerber auf dem Markt.","og_url":"https:\/\/soliton-laser.de\/en\/product\/ezraman-series\/","og_site_name":"Soliton Laser- und Messtechnik GmbH","article_modified_time":"2025-04-08T15:19:13+00:00","og_image":[{"width":1116,"height":1116,"url":"https:\/\/soliton-laser.de\/wp-content\/uploads\/2023\/02\/ENW3-1.jpg","type":"image\/jpeg"}],"twitter_card":"summary_large_image","twitter_misc":{"Price":"&euro;0.00","Availability":"In stock"},"schema":{"@context":"https:\/\/schema.org","@graph":[{"@type":"WebPage","@id":"https:\/\/soliton-laser.de\/en\/product\/ezraman-series\/","url":"https:\/\/soliton-laser.de\/en\/product\/ezraman-series\/","name":"Kompaktes Ramanspektrometer - Soliton","isPartOf":{"@id":"https:\/\/soliton-laser.de\/#website"},"primaryImageOfPage":{"@id":"https:\/\/soliton-laser.de\/en\/product\/ezraman-series\/#primaryimage"},"image":{"@id":"https:\/\/soliton-laser.de\/en\/product\/ezraman-series\/#primaryimage"},"thumbnailUrl":"https:\/\/soliton-laser.de\/wp-content\/uploads\/2023\/02\/ENW3-1.jpg","datePublished":"2023-02-27T15:04:15+00:00","dateModified":"2025-04-08T15:19:13+00:00","description":"Die Modelle EzRaman-xD und EzRaman-N sind die Einstiegs-Ramansysteme von ENWAVE Optronics. Sie bieten trotz des g\u00fcnstigen Kaufpreises eine hohe Performance und besitzen bereits eine leistungsst\u00e4rkere Detektork\u00fchlung als die Systeme der meisten Mitbewerber auf dem Markt.","breadcrumb":{"@id":"https:\/\/soliton-laser.de\/en\/product\/ezraman-series\/#breadcrumb"},"inLanguage":"en-US","potentialAction":[{"@type":"ReadAction","target":["https:\/\/soliton-laser.de\/en\/product\/ezraman-series\/"]}]},{"@type":"ImageObject","inLanguage":"en-US","@id":"https:\/\/soliton-laser.de\/en\/product\/ezraman-series\/#primaryimage","url":"https:\/\/soliton-laser.de\/wp-content\/uploads\/2023\/02\/ENW3-1.jpg","contentUrl":"https:\/\/soliton-laser.de\/wp-content\/uploads\/2023\/02\/ENW3-1.jpg","width":1116,"height":1116},{"@type":"BreadcrumbList","@id":"https:\/\/soliton-laser.de\/en\/product\/ezraman-series\/#breadcrumb","itemListElement":[{"@type":"ListItem","position":1,"name":"Startseite","item":"https:\/\/soliton-laser.de\/"},{"@type":"ListItem","position":2,"name":"Produkte","item":"https:\/\/soliton-laser.de\/produkte\/"},{"@type":"ListItem","position":3,"name":"Kompaktes Ramanspektrometer"}]},{"@type":"WebSite","@id":"https:\/\/soliton-laser.de\/#website","url":"https:\/\/soliton-laser.de\/","name":"Soliton Laser- und Messtechnik GmbH","description":"","publisher":{"@id":"https:\/\/soliton-laser.de\/#organization"},"potentialAction":[{"@type":"SearchAction","target":{"@type":"EntryPoint","urlTemplate":"https:\/\/soliton-laser.de\/?s={search_term_string}"},"query-input":{"@type":"PropertyValueSpecification","valueRequired":true,"valueName":"search_term_string"}}],"inLanguage":"en-US"},{"@type":"Organization","@id":"https:\/\/soliton-laser.de\/#organization","name":"Soliton GmbH","url":"https:\/\/soliton-laser.de\/","logo":{"@type":"ImageObject","inLanguage":"en-US","@id":"https:\/\/soliton-laser.de\/#\/schema\/logo\/image\/","url":"https:\/\/soliton-laser.de\/wp-content\/uploads\/2022\/08\/Soliton-Logo_unten-1.png","contentUrl":"https:\/\/soliton-laser.de\/wp-content\/uploads\/2022\/08\/Soliton-Logo_unten-1.png","width":200,"height":140,"caption":"Soliton GmbH"},"image":{"@id":"https:\/\/soliton-laser.de\/#\/schema\/logo\/image\/"}}]},"product_price_amount":"0.00","product_price_currency":"EUR","og_availability":"instock","product_availability":"instock","product_condition":"new"},"uagb_featured_image_src":{"full":["https:\/\/soliton-laser.de\/wp-content\/uploads\/2023\/02\/ENW3-1.jpg",1116,1116,false],"thumbnail":["https:\/\/soliton-laser.de\/wp-content\/uploads\/2023\/02\/ENW3-1-150x150.jpg",150,150,true],"medium":["https:\/\/soliton-laser.de\/wp-content\/uploads\/2023\/02\/ENW3-1-300x300.jpg",300,300,true],"medium_large":["https:\/\/soliton-laser.de\/wp-content\/uploads\/2023\/02\/ENW3-1-768x768.jpg",768,768,true],"large":["https:\/\/soliton-laser.de\/wp-content\/uploads\/2023\/02\/ENW3-1-1024x1024.jpg",1024,1024,true],"1536x1536":["https:\/\/soliton-laser.de\/wp-content\/uploads\/2023\/02\/ENW3-1.jpg",1116,1116,false],"2048x2048":["https:\/\/soliton-laser.de\/wp-content\/uploads\/2023\/02\/ENW3-1.jpg",1116,1116,false],"trp-custom-language-flag":["https:\/\/soliton-laser.de\/wp-content\/uploads\/2023\/02\/ENW3-1-12x12.jpg",12,12,true],"woocommerce_thumbnail":["https:\/\/soliton-laser.de\/wp-content\/uploads\/2023\/02\/ENW3-1-600x600.jpg",600,600,true],"woocommerce_single":["https:\/\/soliton-laser.de\/wp-content\/uploads\/2023\/02\/ENW3-1.jpg",1116,1116,false],"woocommerce_gallery_thumbnail":["https:\/\/soliton-laser.de\/wp-content\/uploads\/2023\/02\/ENW3-1-300x300.jpg",300,300,true]},"uagb_author_info":{"display_name":"Daniel Wagner","author_link":"https:\/\/soliton-laser.de\/en\/author\/"},"uagb_comment_info":0,"uagb_excerpt":"Kosteng\u00fcnstig Kompakt Flexibel Gek\u00fchlt Ansprechpartner: Hr. Michael Zerbin &nbsp;","_links":{"self":[{"href":"https:\/\/soliton-laser.de\/en\/wp-json\/wp\/v2\/product\/5488","targetHints":{"allow":["GET"]}}],"collection":[{"href":"https:\/\/soliton-laser.de\/en\/wp-json\/wp\/v2\/product"}],"about":[{"href":"https:\/\/soliton-laser.de\/en\/wp-json\/wp\/v2\/types\/product"}],"wp:featuredmedia":[{"embeddable":true,"href":"https:\/\/soliton-laser.de\/en\/wp-json\/wp\/v2\/media\/9582"}],"wp:attachment":[{"href":"https:\/\/soliton-laser.de\/en\/wp-json\/wp\/v2\/media?parent=5488"}],"wp:term":[{"taxonomy":"product_brand","embeddable":true,"href":"https:\/\/soliton-laser.de\/en\/wp-json\/wp\/v2\/product_brand?post=5488"},{"taxonomy":"product_cat","embeddable":true,"href":"https:\/\/soliton-laser.de\/en\/wp-json\/wp\/v2\/product_cat?post=5488"},{"taxonomy":"product_tag","embeddable":true,"href":"https:\/\/soliton-laser.de\/en\/wp-json\/wp\/v2\/product_tag?post=5488"}],"curies":[{"name":"wp","href":"https:\/\/api.w.org\/{rel}","templated":true}]}}