{"id":6457,"date":"2024-01-10T23:52:23","date_gmt":"2024-01-10T22:52:23","guid":{"rendered":"https:\/\/soliton-laser.de\/?post_type=product&#038;p=6457"},"modified":"2025-02-05T17:14:40","modified_gmt":"2025-02-05T16:14:40","slug":"tactile-and-mobile-roughness-measuring-device","status":"publish","type":"product","link":"https:\/\/soliton-laser.de\/en\/product\/tactile-and-mobile-roughness-measuring-device\/","title":{"rendered":"Tactile and mobile roughness measuring device"},"content":{"rendered":"<p>The new tactile and mobile roughness measuring device <em>LITEsurf<\/em> is the simplest model in its series and was created from <strong>SM Metrology<\/strong> <strong>Systems<\/strong> forty years of experience in the development of such devices.<\/p>\n<p>This small and handy roughness measuring device is ideal for measuring all typical roughness parameters on surfaces. Even complex contact patterns can be measured. The adjustable stylus enables both straight and inclined measurements on surfaces. For example, the roughness along a bore can be measured both towards the device and in the bore along the cylindrical profile.<\/p>\n<p>The very long probe tip can measure the roughness even in hard-to-reach grooves. A variety of standard and customer-specific probe pins enable the application in any field of application.<\/p>\n<p>Thanks to the integrated Bluetooth and USB connection, the tactile roughness measuring device <em>LITEsurf<\/em> connect quickly and intuitively with smartphones, tablets and PCs. This means that the information can be easily used and shared with the free \u201cRoughness Studio Basic\u201d app. The device enables details to be measured horizontally, vertically and from above and below. The probe can be rotated by 90\u00b0, meaning that every area of the workpiece can be measured.<\/p>\n<p>The robust body of the tactile and mobile roughness measuring device made of light metal, combined with a PC\/ABS shell, guarantees rigidity and shock resistance. In addition, the sophisticated charging system ensures an autonomy of 10 hours and at least 300 measurements in 50 minutes.<\/p>","protected":false},"excerpt":{"rendered":"<p><a href=\"https:\/\/soliton-laser.de\/wp-content\/uploads\/2024\/08\/Logo_SM.jpg\"><img loading=\"lazy\" decoding=\"async\" class=\"alignnone wp-image-9082\" src=\"https:\/\/soliton-laser.de\/wp-content\/uploads\/2024\/08\/Logo_SM-300x135.jpg\" alt=\"\" width=\"151\" height=\"68\" srcset=\"https:\/\/soliton-laser.de\/wp-content\/uploads\/2024\/08\/Logo_SM-300x135.jpg 300w, https:\/\/soliton-laser.de\/wp-content\/uploads\/2024\/08\/Logo_SM-1024x461.jpg 1024w, https:\/\/soliton-laser.de\/wp-content\/uploads\/2024\/08\/Logo_SM-768x346.jpg 768w, https:\/\/soliton-laser.de\/wp-content\/uploads\/2024\/08\/Logo_SM-1536x691.jpg 1536w, https:\/\/soliton-laser.de\/wp-content\/uploads\/2024\/08\/Logo_SM-18x8.jpg 18w, https:\/\/soliton-laser.de\/wp-content\/uploads\/2024\/08\/Logo_SM-600x270.jpg 600w, https:\/\/soliton-laser.de\/wp-content\/uploads\/2024\/08\/Logo_SM-1200x540.jpg 1200w, https:\/\/soliton-laser.de\/wp-content\/uploads\/2024\/08\/Logo_SM.jpg 1598w\" sizes=\"auto, (max-width: 151px) 100vw, 151px\" \/><\/a><\/p>\n<ul>\n<li>Roughness measuring device<\/li>\n<li>Resolution: 1nm<\/li>\n<li>Meets all common standards (ISO, DIN)<\/li>\n<li>Mobile measuring system with Bluetooth and battery<\/li>\n<li>Reports ready-made or freely designed<\/li>\n<\/ul>\n<p>Contact person: Mr. Michael Zerbin<\/p>","protected":false},"featured_media":9096,"template":"","meta":{"_acf_changed":false,"_uag_custom_page_level_css":"","site-sidebar-layout":"default","site-content-layout":"","ast-site-content-layout":"default","site-content-style":"default","site-sidebar-style":"default","ast-global-header-display":"","ast-banner-title-visibility":"","ast-main-header-display":"","ast-hfb-above-header-display":"","ast-hfb-below-header-display":"","ast-hfb-mobile-header-display":"","site-post-title":"","ast-breadcrumbs-content":"","ast-featured-img":"","footer-sml-layout":"","theme-transparent-header-meta":"default","adv-header-id-meta":"","stick-header-meta":"default","header-above-stick-meta":"","header-main-stick-meta":"","header-below-stick-meta":"","astra-migrate-meta-layouts":"set","ast-page-background-enabled":"default","ast-page-background-meta":{"desktop":{"background-color":"","background-image":"","background-repeat":"repeat","background-position":"center center","background-size":"auto","background-attachment":"scroll","background-type":"","background-media":"","overlay-type":"","overlay-color":"","overlay-opacity":"","overlay-gradient":""},"tablet":{"background-color":"","background-image":"","background-repeat":"repeat","background-position":"center center","background-size":"auto","background-attachment":"scroll","background-type":"","background-media":"","overlay-type":"","overlay-color":"","overlay-opacity":"","overlay-gradient":""},"mobile":{"background-color":"","background-image":"","background-repeat":"repeat","background-position":"center center","background-size":"auto","background-attachment":"scroll","background-type":"","background-media":"","overlay-type":"","overlay-color":"","overlay-opacity":"","overlay-gradient":""}},"ast-content-background-meta":{"desktop":{"background-color":"var(--ast-global-color-5)","background-image":"","background-repeat":"repeat","background-position":"center center","background-size":"auto","background-attachment":"scroll","background-type":"","background-media":"","overlay-type":"","overlay-color":"","overlay-opacity":"","overlay-gradient":""},"tablet":{"background-color":"var(--ast-global-color-5)","background-image":"","background-repeat":"repeat","background-position":"center center","background-size":"auto","background-attachment":"scroll","background-type":"","background-media":"","overlay-type":"","overlay-color":"","overlay-opacity":"","overlay-gradient":""},"mobile":{"background-color":"var(--ast-global-color-5)","background-image":"","background-repeat":"repeat","background-position":"center center","background-size":"auto","background-attachment":"scroll","background-type":"","background-media":"","overlay-type":"","overlay-color":"","overlay-opacity":"","overlay-gradient":""}}},"product_brand":[],"product_cat":[380],"product_tag":[568,563,567,560,565,385,508,605,562,570,569,564,561,558,559,566,509],"class_list":{"0":"post-6457","1":"product","2":"type-product","3":"status-publish","4":"has-post-thumbnail","6":"product_cat-taktile_messtechnik","7":"product_tag-contracer","8":"product_tag-crysta-apex","9":"product_tag-formtracer-avant","10":"product_tag-handysurf","11":"product_tag-legex","12":"product_tag-litesurf","13":"product_tag-mobiles-rauheitsmessgeraet","14":"product_tag-rauheitsparameter","15":"product_tag-rondcom","16":"product_tag-roundpak","17":"product_tag-roundtest","18":"product_tag-strato-aktive","19":"product_tag-surfcom","20":"product_tag-surfcom-crest","21":"product_tag-surfcom-nex-200","22":"product_tag-surftest","23":"product_tag-taktile-rauheitsmessgeraet","24":"desktop-align-left","25":"tablet-align-center","26":"mobile-align-center","27":"ast-product-gallery-layout-horizontal-slider","28":"ast-magnify-disabled","29":"ast-product-tabs-layout-horizontal","31":"first","32":"instock","33":"virtual","34":"sold-individually","35":"purchasable","36":"product-type-simple"},"acf":[],"yoast_head":"<!-- This site is optimized with the Yoast SEO Premium plugin v25.2 (Yoast SEO v27.5) - https:\/\/yoast.com\/product\/yoast-seo-premium-wordpress\/ -->\n<title>Taktiles und Mobiles Rauheitsmessger\u00e4t - Soliton<\/title>\n<meta name=\"description\" content=\"Das neue taktile und mobile Rauheitsmessger\u00e4t LITEsurf ist das einfachste Modell seiner Serie und eignet sich ideal f\u00fcr Messungen in allen Umgebungen.\" \/>\n<meta name=\"robots\" content=\"index, follow, max-snippet:-1, max-image-preview:large, max-video-preview:-1\" \/>\n<link rel=\"canonical\" href=\"https:\/\/soliton-laser.de\/en\/product\/tactile-and-mobile-roughness-measuring-device\/\" \/>\n<meta property=\"og:locale\" content=\"en_US\" \/>\n<meta property=\"og:type\" content=\"article\" \/>\n<meta property=\"og:title\" content=\"Taktiles und Mobiles Rauheitsmessger\u00e4t\" \/>\n<meta property=\"og:description\" content=\"Das neue taktile und mobile Rauheitsmessger\u00e4t LITEsurf ist das einfachste Modell seiner Serie und eignet sich ideal f\u00fcr Messungen in allen Umgebungen.\" \/>\n<meta property=\"og:url\" content=\"https:\/\/soliton-laser.de\/en\/product\/tactile-and-mobile-roughness-measuring-device\/\" \/>\n<meta property=\"og:site_name\" content=\"Soliton Laser- und Messtechnik GmbH\" \/>\n<meta property=\"article:modified_time\" content=\"2025-02-05T16:14:40+00:00\" \/>\n<meta property=\"og:image\" content=\"https:\/\/soliton-laser.de\/wp-content\/uploads\/2024\/01\/SML1.jpg\" \/>\n\t<meta property=\"og:image:width\" content=\"1500\" \/>\n\t<meta property=\"og:image:height\" content=\"1285\" \/>\n\t<meta property=\"og:image:type\" content=\"image\/jpeg\" \/>\n<meta name=\"twitter:card\" content=\"summary_large_image\" \/>\n<meta name=\"twitter:label1\" content=\"Price\" \/>\n\t<meta name=\"twitter:data1\" content=\"&euro;0.00\" \/>\n\t<meta name=\"twitter:label2\" content=\"Availability\" \/>\n\t<meta name=\"twitter:data2\" content=\"In stock\" \/>\n<script type=\"application\/ld+json\" class=\"yoast-schema-graph\">{\"@context\":\"https:\\\/\\\/schema.org\",\"@graph\":[{\"@type\":\"WebPage\",\"@id\":\"https:\\\/\\\/soliton-laser.de\\\/produkt\\\/taktiles-und-mobiles-rauheitsmessgeraet\\\/\",\"url\":\"https:\\\/\\\/soliton-laser.de\\\/produkt\\\/taktiles-und-mobiles-rauheitsmessgeraet\\\/\",\"name\":\"Taktiles und Mobiles Rauheitsmessger\u00e4t - Soliton\",\"isPartOf\":{\"@id\":\"https:\\\/\\\/soliton-laser.de\\\/#website\"},\"primaryImageOfPage\":{\"@id\":\"https:\\\/\\\/soliton-laser.de\\\/produkt\\\/taktiles-und-mobiles-rauheitsmessgeraet\\\/#primaryimage\"},\"image\":{\"@id\":\"https:\\\/\\\/soliton-laser.de\\\/produkt\\\/taktiles-und-mobiles-rauheitsmessgeraet\\\/#primaryimage\"},\"thumbnailUrl\":\"https:\\\/\\\/soliton-laser.de\\\/wp-content\\\/uploads\\\/2024\\\/01\\\/SML1.jpg\",\"datePublished\":\"2024-01-10T22:52:23+00:00\",\"dateModified\":\"2025-02-05T16:14:40+00:00\",\"description\":\"Das neue taktile und mobile Rauheitsmessger\u00e4t LITEsurf ist das einfachste Modell seiner Serie und eignet sich ideal f\u00fcr Messungen in allen Umgebungen.\",\"breadcrumb\":{\"@id\":\"https:\\\/\\\/soliton-laser.de\\\/produkt\\\/taktiles-und-mobiles-rauheitsmessgeraet\\\/#breadcrumb\"},\"inLanguage\":\"en-US\",\"potentialAction\":[{\"@type\":\"ReadAction\",\"target\":[\"https:\\\/\\\/soliton-laser.de\\\/produkt\\\/taktiles-und-mobiles-rauheitsmessgeraet\\\/\"]}]},{\"@type\":\"ImageObject\",\"inLanguage\":\"en-US\",\"@id\":\"https:\\\/\\\/soliton-laser.de\\\/produkt\\\/taktiles-und-mobiles-rauheitsmessgeraet\\\/#primaryimage\",\"url\":\"https:\\\/\\\/soliton-laser.de\\\/wp-content\\\/uploads\\\/2024\\\/01\\\/SML1.jpg\",\"contentUrl\":\"https:\\\/\\\/soliton-laser.de\\\/wp-content\\\/uploads\\\/2024\\\/01\\\/SML1.jpg\",\"width\":1500,\"height\":1285},{\"@type\":\"BreadcrumbList\",\"@id\":\"https:\\\/\\\/soliton-laser.de\\\/produkt\\\/taktiles-und-mobiles-rauheitsmessgeraet\\\/#breadcrumb\",\"itemListElement\":[{\"@type\":\"ListItem\",\"position\":1,\"name\":\"Startseite\",\"item\":\"https:\\\/\\\/soliton-laser.de\\\/\"},{\"@type\":\"ListItem\",\"position\":2,\"name\":\"Produkte\",\"item\":\"https:\\\/\\\/soliton-laser.de\\\/produkte\\\/\"},{\"@type\":\"ListItem\",\"position\":3,\"name\":\"Taktiles und Mobiles Rauheitsmessger\u00e4t\"}]},{\"@type\":\"WebSite\",\"@id\":\"https:\\\/\\\/soliton-laser.de\\\/#website\",\"url\":\"https:\\\/\\\/soliton-laser.de\\\/\",\"name\":\"Soliton Laser- und Messtechnik GmbH\",\"description\":\"\",\"publisher\":{\"@id\":\"https:\\\/\\\/soliton-laser.de\\\/#organization\"},\"potentialAction\":[{\"@type\":\"SearchAction\",\"target\":{\"@type\":\"EntryPoint\",\"urlTemplate\":\"https:\\\/\\\/soliton-laser.de\\\/?s={search_term_string}\"},\"query-input\":{\"@type\":\"PropertyValueSpecification\",\"valueRequired\":true,\"valueName\":\"search_term_string\"}}],\"inLanguage\":\"en-US\"},{\"@type\":\"Organization\",\"@id\":\"https:\\\/\\\/soliton-laser.de\\\/#organization\",\"name\":\"Soliton GmbH\",\"url\":\"https:\\\/\\\/soliton-laser.de\\\/\",\"logo\":{\"@type\":\"ImageObject\",\"inLanguage\":\"en-US\",\"@id\":\"https:\\\/\\\/soliton-laser.de\\\/#\\\/schema\\\/logo\\\/image\\\/\",\"url\":\"https:\\\/\\\/soliton-laser.de\\\/wp-content\\\/uploads\\\/2022\\\/08\\\/Soliton-Logo_unten-1.png\",\"contentUrl\":\"https:\\\/\\\/soliton-laser.de\\\/wp-content\\\/uploads\\\/2022\\\/08\\\/Soliton-Logo_unten-1.png\",\"width\":200,\"height\":140,\"caption\":\"Soliton GmbH\"},\"image\":{\"@id\":\"https:\\\/\\\/soliton-laser.de\\\/#\\\/schema\\\/logo\\\/image\\\/\"}}]}<\/script>\n<meta property=\"product:price:amount\" content=\"0.00\" \/>\n<meta property=\"product:price:currency\" content=\"EUR\" \/>\n<meta property=\"og:availability\" content=\"instock\" \/>\n<meta property=\"product:availability\" content=\"instock\" \/>\n<meta property=\"product:condition\" content=\"new\" \/>\n<!-- \/ Yoast SEO Premium plugin. -->","yoast_head_json":{"title":"Taktiles und Mobiles Rauheitsmessger\u00e4t - Soliton","description":"Das neue taktile und mobile Rauheitsmessger\u00e4t LITEsurf ist das einfachste Modell seiner Serie und eignet sich ideal f\u00fcr Messungen in allen Umgebungen.","robots":{"index":"index","follow":"follow","max-snippet":"max-snippet:-1","max-image-preview":"max-image-preview:large","max-video-preview":"max-video-preview:-1"},"canonical":"https:\/\/soliton-laser.de\/en\/product\/tactile-and-mobile-roughness-measuring-device\/","og_locale":"en_US","og_type":"article","og_title":"Taktiles und Mobiles Rauheitsmessger\u00e4t","og_description":"Das neue taktile und mobile Rauheitsmessger\u00e4t LITEsurf ist das einfachste Modell seiner Serie und eignet sich ideal f\u00fcr Messungen in allen Umgebungen.","og_url":"https:\/\/soliton-laser.de\/en\/product\/tactile-and-mobile-roughness-measuring-device\/","og_site_name":"Soliton Laser- und Messtechnik GmbH","article_modified_time":"2025-02-05T16:14:40+00:00","og_image":[{"width":1500,"height":1285,"url":"https:\/\/soliton-laser.de\/wp-content\/uploads\/2024\/01\/SML1.jpg","type":"image\/jpeg"}],"twitter_card":"summary_large_image","twitter_misc":{"Price":"&euro;0.00","Availability":"In stock"},"schema":{"@context":"https:\/\/schema.org","@graph":[{"@type":"WebPage","@id":"https:\/\/soliton-laser.de\/produkt\/taktiles-und-mobiles-rauheitsmessgeraet\/","url":"https:\/\/soliton-laser.de\/produkt\/taktiles-und-mobiles-rauheitsmessgeraet\/","name":"Taktiles und Mobiles Rauheitsmessger\u00e4t - Soliton","isPartOf":{"@id":"https:\/\/soliton-laser.de\/#website"},"primaryImageOfPage":{"@id":"https:\/\/soliton-laser.de\/produkt\/taktiles-und-mobiles-rauheitsmessgeraet\/#primaryimage"},"image":{"@id":"https:\/\/soliton-laser.de\/produkt\/taktiles-und-mobiles-rauheitsmessgeraet\/#primaryimage"},"thumbnailUrl":"https:\/\/soliton-laser.de\/wp-content\/uploads\/2024\/01\/SML1.jpg","datePublished":"2024-01-10T22:52:23+00:00","dateModified":"2025-02-05T16:14:40+00:00","description":"Das neue taktile und mobile Rauheitsmessger\u00e4t LITEsurf ist das einfachste Modell seiner Serie und eignet sich ideal f\u00fcr Messungen in allen Umgebungen.","breadcrumb":{"@id":"https:\/\/soliton-laser.de\/produkt\/taktiles-und-mobiles-rauheitsmessgeraet\/#breadcrumb"},"inLanguage":"en-US","potentialAction":[{"@type":"ReadAction","target":["https:\/\/soliton-laser.de\/produkt\/taktiles-und-mobiles-rauheitsmessgeraet\/"]}]},{"@type":"ImageObject","inLanguage":"en-US","@id":"https:\/\/soliton-laser.de\/produkt\/taktiles-und-mobiles-rauheitsmessgeraet\/#primaryimage","url":"https:\/\/soliton-laser.de\/wp-content\/uploads\/2024\/01\/SML1.jpg","contentUrl":"https:\/\/soliton-laser.de\/wp-content\/uploads\/2024\/01\/SML1.jpg","width":1500,"height":1285},{"@type":"BreadcrumbList","@id":"https:\/\/soliton-laser.de\/produkt\/taktiles-und-mobiles-rauheitsmessgeraet\/#breadcrumb","itemListElement":[{"@type":"ListItem","position":1,"name":"Startseite","item":"https:\/\/soliton-laser.de\/"},{"@type":"ListItem","position":2,"name":"Produkte","item":"https:\/\/soliton-laser.de\/produkte\/"},{"@type":"ListItem","position":3,"name":"Taktiles und Mobiles Rauheitsmessger\u00e4t"}]},{"@type":"WebSite","@id":"https:\/\/soliton-laser.de\/#website","url":"https:\/\/soliton-laser.de\/","name":"Soliton Laser- und Messtechnik GmbH","description":"","publisher":{"@id":"https:\/\/soliton-laser.de\/#organization"},"potentialAction":[{"@type":"SearchAction","target":{"@type":"EntryPoint","urlTemplate":"https:\/\/soliton-laser.de\/?s={search_term_string}"},"query-input":{"@type":"PropertyValueSpecification","valueRequired":true,"valueName":"search_term_string"}}],"inLanguage":"en-US"},{"@type":"Organization","@id":"https:\/\/soliton-laser.de\/#organization","name":"Soliton GmbH","url":"https:\/\/soliton-laser.de\/","logo":{"@type":"ImageObject","inLanguage":"en-US","@id":"https:\/\/soliton-laser.de\/#\/schema\/logo\/image\/","url":"https:\/\/soliton-laser.de\/wp-content\/uploads\/2022\/08\/Soliton-Logo_unten-1.png","contentUrl":"https:\/\/soliton-laser.de\/wp-content\/uploads\/2022\/08\/Soliton-Logo_unten-1.png","width":200,"height":140,"caption":"Soliton GmbH"},"image":{"@id":"https:\/\/soliton-laser.de\/#\/schema\/logo\/image\/"}}]},"product_price_amount":"0.00","product_price_currency":"EUR","og_availability":"instock","product_availability":"instock","product_condition":"new"},"uagb_featured_image_src":{"full":["https:\/\/soliton-laser.de\/wp-content\/uploads\/2024\/01\/SML1.jpg",1500,1285,false],"thumbnail":["https:\/\/soliton-laser.de\/wp-content\/uploads\/2024\/01\/SML1-150x150.jpg",150,150,true],"medium":["https:\/\/soliton-laser.de\/wp-content\/uploads\/2024\/01\/SML1-300x257.jpg",300,257,true],"medium_large":["https:\/\/soliton-laser.de\/wp-content\/uploads\/2024\/01\/SML1-768x658.jpg",768,658,true],"large":["https:\/\/soliton-laser.de\/wp-content\/uploads\/2024\/01\/SML1-1024x877.jpg",1024,877,true],"1536x1536":["https:\/\/soliton-laser.de\/wp-content\/uploads\/2024\/01\/SML1.jpg",1500,1285,false],"2048x2048":["https:\/\/soliton-laser.de\/wp-content\/uploads\/2024\/01\/SML1.jpg",1500,1285,false],"trp-custom-language-flag":["https:\/\/soliton-laser.de\/wp-content\/uploads\/2024\/01\/SML1-14x12.jpg",14,12,true],"woocommerce_thumbnail":["https:\/\/soliton-laser.de\/wp-content\/uploads\/2024\/01\/SML1-600x514.jpg",600,514,true],"woocommerce_single":["https:\/\/soliton-laser.de\/wp-content\/uploads\/2024\/01\/SML1-1200x1028.jpg",1200,1028,true],"woocommerce_gallery_thumbnail":["https:\/\/soliton-laser.de\/wp-content\/uploads\/2024\/01\/SML1-300x300.jpg",300,300,true]},"uagb_author_info":{"display_name":"Jonas Vogler","author_link":"https:\/\/soliton-laser.de\/en\/author\/"},"uagb_comment_info":0,"uagb_excerpt":"Rauhigkeitsmessger\u00e4t Aufl\u00f6sung: 1nm Erf\u00fcllt alle g\u00e4ngigen Normen (ISO, DIN) Mobiles Messsystem mit Bluetooth und Akku Berichte vorgefertigt oder frei gestaltbar Ansprechpartner: Hr. Michael Zerbin","_links":{"self":[{"href":"https:\/\/soliton-laser.de\/en\/wp-json\/wp\/v2\/product\/6457","targetHints":{"allow":["GET"]}}],"collection":[{"href":"https:\/\/soliton-laser.de\/en\/wp-json\/wp\/v2\/product"}],"about":[{"href":"https:\/\/soliton-laser.de\/en\/wp-json\/wp\/v2\/types\/product"}],"wp:featuredmedia":[{"embeddable":true,"href":"https:\/\/soliton-laser.de\/en\/wp-json\/wp\/v2\/media\/9096"}],"wp:attachment":[{"href":"https:\/\/soliton-laser.de\/en\/wp-json\/wp\/v2\/media?parent=6457"}],"wp:term":[{"taxonomy":"product_brand","embeddable":true,"href":"https:\/\/soliton-laser.de\/en\/wp-json\/wp\/v2\/product_brand?post=6457"},{"taxonomy":"product_cat","embeddable":true,"href":"https:\/\/soliton-laser.de\/en\/wp-json\/wp\/v2\/product_cat?post=6457"},{"taxonomy":"product_tag","embeddable":true,"href":"https:\/\/soliton-laser.de\/en\/wp-json\/wp\/v2\/product_tag?post=6457"}],"curies":[{"name":"wp","href":"https:\/\/api.w.org\/{rel}","templated":true}]}}